{"id":802,"date":"2020-05-24T23:20:24","date_gmt":"2020-05-24T23:20:24","guid":{"rendered":"https:\/\/cohancharlotte.com\/cdaw\/houseofdeco\/?post_type=product&#038;p=802"},"modified":"2020-05-25T16:27:39","modified_gmt":"2020-05-25T16:27:39","slug":"parfum-dambiance-diffuseur-lavande","status":"publish","type":"product","link":"https:\/\/cohancharlotte.com\/cdaw\/houseofdeco\/produit\/parfum-dambiance-diffuseur-lavande\/","title":{"rendered":"Parfum d&rsquo;ambiance relaxant diffuseur lavande"},"content":{"rendered":"<p>Parfum d&rsquo;ambiance au senteur tr\u00e8s subtile et agr\u00e9able pour votre int\u00e9rieur.<\/p>\n","protected":false},"excerpt":{"rendered":"<p>Parfum d&rsquo;ambiance au senteur tr\u00e8s subtile et agr\u00e9able pour votre int\u00e9rieur.<\/p>\n","protected":false},"featured_media":798,"template":"","meta":[],"product_brand":[],"product_cat":[22],"product_tag":[],"class_list":{"0":"post-802","1":"product","2":"type-product","3":"status-publish","4":"has-post-thumbnail","6":"product_cat-parfums-dambiance","8":"first","9":"instock","10":"taxable","11":"shipping-taxable","12":"purchasable","13":"product-type-simple"},"_links":{"self":[{"href":"https:\/\/cohancharlotte.com\/cdaw\/houseofdeco\/wp-json\/wp\/v2\/product\/802","targetHints":{"allow":["GET"]}}],"collection":[{"href":"https:\/\/cohancharlotte.com\/cdaw\/houseofdeco\/wp-json\/wp\/v2\/product"}],"about":[{"href":"https:\/\/cohancharlotte.com\/cdaw\/houseofdeco\/wp-json\/wp\/v2\/types\/product"}],"version-history":[{"count":4,"href":"https:\/\/cohancharlotte.com\/cdaw\/houseofdeco\/wp-json\/wp\/v2\/product\/802\/revisions"}],"predecessor-version":[{"id":850,"href":"https:\/\/cohancharlotte.com\/cdaw\/houseofdeco\/wp-json\/wp\/v2\/product\/802\/revisions\/850"}],"wp:featuredmedia":[{"embeddable":true,"href":"https:\/\/cohancharlotte.com\/cdaw\/houseofdeco\/wp-json\/wp\/v2\/media\/798"}],"wp:attachment":[{"href":"https:\/\/cohancharlotte.com\/cdaw\/houseofdeco\/wp-json\/wp\/v2\/media?parent=802"}],"wp:term":[{"taxonomy":"product_brand","embeddable":true,"href":"https:\/\/cohancharlotte.com\/cdaw\/houseofdeco\/wp-json\/wp\/v2\/product_brand?post=802"},{"taxonomy":"product_cat","embeddable":true,"href":"https:\/\/cohancharlotte.com\/cdaw\/houseofdeco\/wp-json\/wp\/v2\/product_cat?post=802"},{"taxonomy":"product_tag","embeddable":true,"href":"https:\/\/cohancharlotte.com\/cdaw\/houseofdeco\/wp-json\/wp\/v2\/product_tag?post=802"}],"curies":[{"name":"wp","href":"https:\/\/api.w.org\/{rel}","templated":true}]}}