{"id":806,"date":"2020-05-24T23:21:19","date_gmt":"2020-05-24T23:21:19","guid":{"rendered":"https:\/\/cohancharlotte.com\/cdaw\/houseofdeco\/?post_type=product&#038;p=806"},"modified":"2020-05-25T16:36:12","modified_gmt":"2020-05-25T16:36:12","slug":"parfum-dambiance-florale-vaporisateur","status":"publish","type":"product","link":"https:\/\/cohancharlotte.com\/cdaw\/houseofdeco\/produit\/parfum-dambiance-florale-vaporisateur\/","title":{"rendered":"Parfum d&rsquo;ambiance florale vaporisateur"},"content":{"rendered":"<p>Parfum d&rsquo;ambiance au senteur tr\u00e8s subtile et agr\u00e9able pour votre int\u00e9rieur.<\/p>\n","protected":false},"excerpt":{"rendered":"<p>Parfum d&rsquo;ambiance au senteur tr\u00e8s subtile et agr\u00e9able pour votre int\u00e9rieur.<\/p>\n","protected":false},"featured_media":824,"template":"","meta":[],"product_brand":[],"product_cat":[22],"product_tag":[],"class_list":{"0":"post-806","1":"product","2":"type-product","3":"status-publish","4":"has-post-thumbnail","6":"product_cat-parfums-dambiance","8":"first","9":"instock","10":"taxable","11":"shipping-taxable","12":"purchasable","13":"product-type-simple"},"_links":{"self":[{"href":"https:\/\/cohancharlotte.com\/cdaw\/houseofdeco\/wp-json\/wp\/v2\/product\/806","targetHints":{"allow":["GET"]}}],"collection":[{"href":"https:\/\/cohancharlotte.com\/cdaw\/houseofdeco\/wp-json\/wp\/v2\/product"}],"about":[{"href":"https:\/\/cohancharlotte.com\/cdaw\/houseofdeco\/wp-json\/wp\/v2\/types\/product"}],"version-history":[{"count":5,"href":"https:\/\/cohancharlotte.com\/cdaw\/houseofdeco\/wp-json\/wp\/v2\/product\/806\/revisions"}],"predecessor-version":[{"id":826,"href":"https:\/\/cohancharlotte.com\/cdaw\/houseofdeco\/wp-json\/wp\/v2\/product\/806\/revisions\/826"}],"wp:featuredmedia":[{"embeddable":true,"href":"https:\/\/cohancharlotte.com\/cdaw\/houseofdeco\/wp-json\/wp\/v2\/media\/824"}],"wp:attachment":[{"href":"https:\/\/cohancharlotte.com\/cdaw\/houseofdeco\/wp-json\/wp\/v2\/media?parent=806"}],"wp:term":[{"taxonomy":"product_brand","embeddable":true,"href":"https:\/\/cohancharlotte.com\/cdaw\/houseofdeco\/wp-json\/wp\/v2\/product_brand?post=806"},{"taxonomy":"product_cat","embeddable":true,"href":"https:\/\/cohancharlotte.com\/cdaw\/houseofdeco\/wp-json\/wp\/v2\/product_cat?post=806"},{"taxonomy":"product_tag","embeddable":true,"href":"https:\/\/cohancharlotte.com\/cdaw\/houseofdeco\/wp-json\/wp\/v2\/product_tag?post=806"}],"curies":[{"name":"wp","href":"https:\/\/api.w.org\/{rel}","templated":true}]}}