{"id":835,"date":"2020-05-25T07:21:30","date_gmt":"2020-05-25T07:21:30","guid":{"rendered":"https:\/\/cohancharlotte.com\/cdaw\/houseofdeco\/?post_type=product&#038;p=835"},"modified":"2020-05-30T18:24:29","modified_gmt":"2020-05-30T18:24:29","slug":"vaisselle-copie","status":"publish","type":"product","link":"https:\/\/cohancharlotte.com\/cdaw\/houseofdeco\/produit\/vaisselle-copie\/","title":{"rendered":"Couverts argent et cuivre"},"content":{"rendered":"<p>Lot de couverts en argent et cuivre de haute qualit\u00e9 et en \u00e9dition limit\u00e9<\/p>\n","protected":false},"excerpt":{"rendered":"<p>Lot de couverts en argent et cuivre de haute qualit\u00e9 et en \u00e9dition limit\u00e9<\/p>\n","protected":false},"featured_media":914,"template":"","meta":[],"product_brand":[],"product_cat":[18],"product_tag":[],"class_list":{"0":"post-835","1":"product","2":"type-product","3":"status-publish","4":"has-post-thumbnail","6":"product_cat-vaisselle","8":"first","9":"instock","10":"taxable","11":"shipping-taxable","12":"purchasable","13":"product-type-simple"},"_links":{"self":[{"href":"https:\/\/cohancharlotte.com\/cdaw\/houseofdeco\/wp-json\/wp\/v2\/product\/835","targetHints":{"allow":["GET"]}}],"collection":[{"href":"https:\/\/cohancharlotte.com\/cdaw\/houseofdeco\/wp-json\/wp\/v2\/product"}],"about":[{"href":"https:\/\/cohancharlotte.com\/cdaw\/houseofdeco\/wp-json\/wp\/v2\/types\/product"}],"version-history":[{"count":7,"href":"https:\/\/cohancharlotte.com\/cdaw\/houseofdeco\/wp-json\/wp\/v2\/product\/835\/revisions"}],"predecessor-version":[{"id":933,"href":"https:\/\/cohancharlotte.com\/cdaw\/houseofdeco\/wp-json\/wp\/v2\/product\/835\/revisions\/933"}],"wp:featuredmedia":[{"embeddable":true,"href":"https:\/\/cohancharlotte.com\/cdaw\/houseofdeco\/wp-json\/wp\/v2\/media\/914"}],"wp:attachment":[{"href":"https:\/\/cohancharlotte.com\/cdaw\/houseofdeco\/wp-json\/wp\/v2\/media?parent=835"}],"wp:term":[{"taxonomy":"product_brand","embeddable":true,"href":"https:\/\/cohancharlotte.com\/cdaw\/houseofdeco\/wp-json\/wp\/v2\/product_brand?post=835"},{"taxonomy":"product_cat","embeddable":true,"href":"https:\/\/cohancharlotte.com\/cdaw\/houseofdeco\/wp-json\/wp\/v2\/product_cat?post=835"},{"taxonomy":"product_tag","embeddable":true,"href":"https:\/\/cohancharlotte.com\/cdaw\/houseofdeco\/wp-json\/wp\/v2\/product_tag?post=835"}],"curies":[{"name":"wp","href":"https:\/\/api.w.org\/{rel}","templated":true}]}}