{"id":841,"date":"2020-05-25T08:19:26","date_gmt":"2020-05-25T08:19:26","guid":{"rendered":"https:\/\/cohancharlotte.com\/cdaw\/houseofdeco\/?post_type=product&#038;p=841"},"modified":"2020-05-30T18:16:47","modified_gmt":"2020-05-30T18:16:47","slug":"vaisselle-3","status":"publish","type":"product","link":"https:\/\/cohancharlotte.com\/cdaw\/houseofdeco\/produit\/vaisselle-3\/","title":{"rendered":"Ensemble \u00e0 th\u00e9"},"content":{"rendered":"<p>Ensemble \u00e0 th\u00e9 en porcelaine peint \u00e0 la main de couleur bleu nuit et or de haute qualit\u00e9<\/p>\n","protected":false},"excerpt":{"rendered":"<p>Ensemble \u00e0 th\u00e9 en porcelaine peint \u00e0 la main de couleur bleu nuit et or de haute qualit\u00e9<\/p>\n","protected":false},"featured_media":889,"template":"","meta":[],"product_brand":[],"product_cat":[18],"product_tag":[],"class_list":{"0":"post-841","1":"product","2":"type-product","3":"status-publish","4":"has-post-thumbnail","6":"product_cat-vaisselle","8":"first","9":"instock","10":"taxable","11":"shipping-taxable","12":"purchasable","13":"product-type-simple"},"_links":{"self":[{"href":"https:\/\/cohancharlotte.com\/cdaw\/houseofdeco\/wp-json\/wp\/v2\/product\/841","targetHints":{"allow":["GET"]}}],"collection":[{"href":"https:\/\/cohancharlotte.com\/cdaw\/houseofdeco\/wp-json\/wp\/v2\/product"}],"about":[{"href":"https:\/\/cohancharlotte.com\/cdaw\/houseofdeco\/wp-json\/wp\/v2\/types\/product"}],"version-history":[{"count":8,"href":"https:\/\/cohancharlotte.com\/cdaw\/houseofdeco\/wp-json\/wp\/v2\/product\/841\/revisions"}],"predecessor-version":[{"id":932,"href":"https:\/\/cohancharlotte.com\/cdaw\/houseofdeco\/wp-json\/wp\/v2\/product\/841\/revisions\/932"}],"wp:featuredmedia":[{"embeddable":true,"href":"https:\/\/cohancharlotte.com\/cdaw\/houseofdeco\/wp-json\/wp\/v2\/media\/889"}],"wp:attachment":[{"href":"https:\/\/cohancharlotte.com\/cdaw\/houseofdeco\/wp-json\/wp\/v2\/media?parent=841"}],"wp:term":[{"taxonomy":"product_brand","embeddable":true,"href":"https:\/\/cohancharlotte.com\/cdaw\/houseofdeco\/wp-json\/wp\/v2\/product_brand?post=841"},{"taxonomy":"product_cat","embeddable":true,"href":"https:\/\/cohancharlotte.com\/cdaw\/houseofdeco\/wp-json\/wp\/v2\/product_cat?post=841"},{"taxonomy":"product_tag","embeddable":true,"href":"https:\/\/cohancharlotte.com\/cdaw\/houseofdeco\/wp-json\/wp\/v2\/product_tag?post=841"}],"curies":[{"name":"wp","href":"https:\/\/api.w.org\/{rel}","templated":true}]}}